{"id":1490,"date":"2014-11-06T05:51:21","date_gmt":"2014-11-06T05:51:21","guid":{"rendered":"http:\/\/howes-data.thememount.com\/?page_id=1490"},"modified":"2025-08-25T09:15:05","modified_gmt":"2025-08-25T07:15:05","slug":"el-despacho","status":"publish","type":"page","link":"https:\/\/www.abogadosvillarcayo.com\/?page_id=1490","title":{"rendered":"El Despacho"},"content":{"rendered":"<p>[vc_row css=&#8221;.vc_custom_1457086178711{padding-top: 0px !important;padding-bottom: 80px !important;}&#8221;][vc_column width=&#8221;1\/2&#8243;][vc_empty_space height=&#8221;45px&#8221;][vc_custom_heading text=&#8221;Nuestro Despacho&#8221; use_theme_fonts=&#8221;yes&#8221;][vc_column_text]El despacho ejerce su <strong>actividad en<\/strong> la provincia de <strong>Burgos, Pa\u00eds Vasco y Cantabria.<\/strong><\/p>\n<p>Nuestros pilares son la <strong>profesionalidad y formaci\u00f3n<\/strong>. El mundo del Derecho es muy cambiante y necesita una actualizaci\u00f3n constante. Es por ello por lo que ponemos especial cuidado en realizar los cursos correspondientes para estar al tanto siempre de las <strong>\u00faltimas novedade<\/strong>s y poder <strong>ofrecer calidad<\/strong> en nuestros servicios.<\/p>\n<p>El <strong>trato<\/strong> al cliente es <strong>personal<\/strong>, como no puede ser de otro modo, siendo pieza fundamental en la <strong>estrategia de defensa<\/strong>. Ofrecemos un <strong>servicio completamente personalizado<\/strong>.[\/vc_column_text][vc_empty_space height=&#8221;45px&#8221;][vc_single_image image=&#8221;11120&#8243; img_size=&#8221;large&#8221; alignment=&#8221;center&#8221;][vc_empty_space height=&#8221;45px&#8221;][vc_single_image image=&#8221;11132&#8243; img_size=&#8221;large&#8221; alignment=&#8221;center&#8221;][\/vc_column][vc_column width=&#8221;1\/2&#8243;][vc_empty_space height=&#8221;45px&#8221;][vc_custom_heading text=&#8221;Localizaci\u00f3n&#8221; use_theme_fonts=&#8221;yes&#8221;][vc_column_text]Calle Mayor 22<\/p>\n<p>09550 Villarcayo (Burgos)[\/vc_column_text][vc_gmaps link=&#8221;#E-8_JTNDaWZyYW1lJTIwc3JjJTNEJTIyaHR0cHMlM0ElMkYlMkZ3d3cuZ29vZ2xlLmNvbSUyRm1hcHMlMkZlbWJlZCUzRnBiJTNEJTIxMW0xOCUyMTFtMTIlMjExbTMlMjExZDI5MjAuODg5MTc1ODU0MzEyJTIxMmQtMy41NzUzNTUwNDc5MTQyMDIlMjEzZDQyLjkzODQ2MzE3OTA0OTk5JTIxMm0zJTIxMWYwJTIxMmYwJTIxM2YwJTIxM20yJTIxMWkxMDI0JTIxMmk3NjglMjE0ZjEzLjElMjEzbTMlMjExbTIlMjExczB4ZDRmM2E5YTQ3ZWEwMThmJTI1M0EweDc5ZjI2YWE4ODI0ZDJmYTUlMjEyc0FuZ2VsJTI1MjBWaWxsYW51ZXZhJTI1MjBMJTI1QzMlMjVCM3BleiUyMTVlMCUyMTNtMiUyMTFzZXMlMjEyc2VzJTIxNHYxNjE3NjU3MTE3MDU4JTIxNW0yJTIxMXNlcyUyMTJzZXMlMjIlMjB3aWR0aCUzRCUyMjYwMCUyMiUyMGhlaWdodCUzRCUyMjQ1MCUyMiUyMHN0eWxlJTNEJTIyYm9yZGVyJTNBMCUzQiUyMiUyMGFsbG93ZnVsbHNjcmVlbiUzRCUyMiUyMiUyMGxvYWRpbmclM0QlMjJsYXp5JTIyJTNFJTNDJTJGaWZyYW1lJTNF&#8221;][\/vc_column][\/vc_row][vc_row disable_element=&#8221;yes&#8221; css=&#8221;.vc_custom_1622741083622{padding-bottom: 55px !important;}&#8221;][vc_column]<div class=\"tm-element-heading-wrapper tm-heading-inner tm-element-align-center tm-heading-with-separator \">[vc_cta h2=\"\u00c1REAS DE TRABAJO\"  h2_google_fonts=\"font_family:Arimo%3Aregular%2Citalic%2C700%2C700italic|font_style:700%20bold%20regular%3A700%3Anormal\"  h4=\"Expertos en las disciplinas\"  h4_google_fonts=\"font_family:Lato%3A100%2C100italic%2C300%2C300italic%2Cregular%2Citalic%2C700%2C700italic%2C900%2C900italic|font_style:300%20light%20regular%3A300%3Anormal\"  txt_align=\"center\"  heading_sep=\"yes\"  i_css_animation=\"\" css_animation=\"\"][\/vc_cta]<\/div> <!-- .tm-element-heading-wrapper container --> [vc_row_inner][vc_column_inner width=&#8221;1\/3&#8243;]<div class=\"tm-sbox tm-sbox-iconalign-top hvr-bounce-in tm-sbox-with-image    \"><div class=\"tm-sbox-image\"><img loading=\"lazy\" decoding=\"async\" width=\"1200\" height=\"800\" src=\"https:\/\/www.abogadosvillarcayo.com\/wp-content\/uploads\/2014\/07\/rowbg-img1.jpg\" class=\"attachment-full size-full\" alt=\"Defensa ante sanciones administrativas\" data-id=\"10751\" \/><\/div>[vc_cta h2=\"LEGAL ANALYSIS\"  h2_google_fonts=\"font_family:Arimo%3Aregular%2Citalic%2C700%2C700italic|font_style:700%20bold%20regular%3A700%3Anormal\"  h4_google_fonts=\"font_family:Lato%3A100%2C100italic%2C300%2C300italic%2Cregular%2Citalic%2C700%2C700italic%2C900%2C900italic|font_style:300%20light%20regular%3A300%3Anormal\"  txt_align=\"left\"  heading_sep=\"no\"  shape=\"none\"  style=\"transparent\"  color=\"grey\"  add_button=\"bottom\"  btn_title=\"More..\"  btn_link=\"url:%23||\"  btn_style=\"text\"  btn_gradient_color_1=\"turquoise\"  btn_gradient_color_2=\"blue\"  btn_custom_background=\"#ededed\"  btn_custom_text=\"#666\"  btn_outline_custom_color=\"#666\"  btn_outline_custom_hover_background=\"#666\"  btn_outline_custom_hover_text=\"#fff\"  btn_color=\"skincolor\"  btn_size=\"md\"  hover=\"hvr-bounce-in\"  main_icon_type=\"icon\"  i_type=\"fontawesome\"  i_icon_fontawesome=\"fab fa-accessible-icon\"  i_icon_openiconic=\"vc-oi vc-oi-dial\"  i_icon_typicons=\"typcn typcn-adjust-brightness\"  i_icon_entypo=\"entypo-icon entypo-icon-note\"  i_icon_linecons=\"vc_li vc_li-heart\"  i_color=\"skincolor\"  i_background_style=\"rounded-outline\"  i_background_color=\"grey\"  i_size=\"xl\"  icon_type=\"image\"  images=\"10751\"  css_animation=\"bottom-to-top\"  btn_align=\"left\"  i_css_animation=\"\" css_animation=\"\"]At vero eos et accusamus et iusto odio dignissimos ducimus qui blanditiis praesentium voluptatum. Proin gravida nibh vel velit auctor enean.[\/vc_cta]<\/div>[\/vc_column_inner][vc_column_inner width=&#8221;1\/3&#8243;]<div class=\"tm-sbox tm-sbox-iconalign-top none tm-sbox-with-image    \"><div class=\"tm-sbox-image\"><img loading=\"lazy\" decoding=\"async\" width=\"1200\" height=\"800\" src=\"https:\/\/www.abogadosvillarcayo.com\/wp-content\/uploads\/2014\/07\/rowbg-img1.jpg\" class=\"attachment-full size-full\" alt=\"Defensa ante sanciones administrativas\" data-id=\"10751\" \/><\/div>[vc_cta h2=\"PERSONAL INJURY\"  h2_google_fonts=\"font_family:Arimo%3Aregular%2Citalic%2C700%2C700italic|font_style:700%20bold%20regular%3A700%3Anormal\"  h4_google_fonts=\"font_family:Lato%3A100%2C100italic%2C300%2C300italic%2Cregular%2Citalic%2C700%2C700italic%2C900%2C900italic|font_style:300%20light%20regular%3A300%3Anormal\"  txt_align=\"left\"  heading_sep=\"no\"  shape=\"none\"  style=\"transparent\"  color=\"grey\"  add_button=\"bottom\"  btn_title=\"More..\"  btn_link=\"url:%23||\"  btn_style=\"text\"  btn_gradient_color_1=\"turquoise\"  btn_gradient_color_2=\"blue\"  btn_custom_background=\"#ededed\"  btn_custom_text=\"#666\"  btn_outline_custom_color=\"#666\"  btn_outline_custom_hover_background=\"#666\"  btn_outline_custom_hover_text=\"#fff\"  btn_color=\"skincolor\"  btn_size=\"md\"  hover=\"none\"  main_icon_type=\"icon\"  i_type=\"fontawesome\"  i_icon_fontawesome=\"fa fa-thumbs-o-up\"  i_icon_openiconic=\"vc-oi vc-oi-dial\"  i_icon_typicons=\"typcn typcn-adjust-brightness\"  i_icon_entypo=\"entypo-icon entypo-icon-note\"  i_icon_linecons=\"vc_li vc_li-heart\"  i_color=\"skincolor\"  i_background_style=\"rounded-outline\"  i_background_color=\"grey\"  i_size=\"xl\"  icon_type=\"image\"  images=\"10751\"  css_animation=\"bottom-to-top\"  btn_align=\"left\"  i_css_animation=\"\" css_animation=\"\"]At vero eos et accusamus et iusto odio dignissimos ducimus qui blanditiis praesentium voluptatum. Proin gravida nibh vel velit auctor enean.[\/vc_cta]<\/div>[\/vc_column_inner][vc_column_inner width=&#8221;1\/3&#8243;]<div class=\"tm-sbox tm-sbox-iconalign-top none tm-sbox-with-image    \"><div class=\"tm-sbox-image\"><img loading=\"lazy\" decoding=\"async\" width=\"1200\" height=\"800\" src=\"https:\/\/www.abogadosvillarcayo.com\/wp-content\/uploads\/2014\/07\/rowbg-img1.jpg\" class=\"attachment-full size-full\" alt=\"Defensa ante sanciones administrativas\" data-id=\"10751\" \/><\/div>[vc_cta h2=\"CASE INVESTIGATION\"  h2_google_fonts=\"font_family:Arimo%3Aregular%2Citalic%2C700%2C700italic|font_style:700%20bold%20regular%3A700%3Anormal\"  h4_google_fonts=\"font_family:Lato%3A100%2C100italic%2C300%2C300italic%2Cregular%2Citalic%2C700%2C700italic%2C900%2C900italic|font_style:300%20light%20regular%3A300%3Anormal\"  txt_align=\"left\"  heading_sep=\"no\"  shape=\"none\"  style=\"transparent\"  color=\"grey\"  add_button=\"bottom\"  btn_title=\"More..\"  btn_link=\"url:%23||\"  btn_style=\"text\"  btn_gradient_color_1=\"turquoise\"  btn_gradient_color_2=\"blue\"  btn_custom_background=\"#ededed\"  btn_custom_text=\"#666\"  btn_outline_custom_color=\"#666\"  btn_outline_custom_hover_background=\"#666\"  btn_outline_custom_hover_text=\"#fff\"  btn_color=\"skincolor\"  btn_size=\"md\"  hover=\"none\"  main_icon_type=\"icon\"  i_type=\"fontawesome\"  i_icon_fontawesome=\"fa fa-thumbs-o-up\"  i_icon_openiconic=\"vc-oi vc-oi-dial\"  i_icon_typicons=\"typcn typcn-adjust-brightness\"  i_icon_entypo=\"entypo-icon entypo-icon-note\"  i_icon_linecons=\"vc_li vc_li-heart\"  i_color=\"skincolor\"  i_background_style=\"rounded-outline\"  i_background_color=\"grey\"  i_size=\"xl\"  icon_type=\"image\"  images=\"10751\"  css_animation=\"bottom-to-top\"  btn_align=\"left\"  i_css_animation=\"\" css_animation=\"\"]At vero eos et accusamus et iusto odio dignissimos ducimus qui blanditiis praesentium voluptatum. Proin gravida nibh vel velit auctor enean.[\/vc_cta]<\/div>[\/vc_column_inner][\/vc_row_inner][vc_empty_space height=&#8221;45px&#8221;][vc_separator][\/vc_column][\/vc_row][vc_row full_width=&#8221;stretch_row&#8221; disable_element=&#8221;yes&#8221; bgtype=&#8221;grey&#8221; css=&#8221;.vc_custom_1618146965877{padding-bottom: 80px !important;}&#8221;][vc_column]<div class=\"row thememount-blog-boxes-wrapper thememount-blog-view-default thememount-effect-default thememount-items-col-three   \" id=\"thememount-blog-id-25594501\" ><div class=\"thememount-blog-text col-xs-12 col-sm-12 col-md-12 col-lg-12\"><div class=\"tm-element-heading-wrapper tm-heading-inner tm-element-align-center \"><div class=\"tm-element-heading-wrapper tm-heading-inner tm-element-align-center tm-heading-with-separator \">[vc_cta h2=\"ACTUALIDAD\"  h2_google_fonts=\"font_family:Arimo%3Aregular%2Citalic%2C700%2C700italic|font_style:700%20bold%20regular%3A700%3Anormal\"  h4=\"\u00daltimas Noticias\"  h4_google_fonts=\"font_family:Lato%3A100%2C100italic%2C300%2C300italic%2Cregular%2Citalic%2C700%2C700italic%2C900%2C900italic|font_style:300%20light%20regular%3A300%3Anormal\"  txt_align=\"center\"  heading_sep=\"yes\"  i_css_animation=\"\" css_animation=\"\"][\/vc_cta]<\/div> <!-- .tm-element-heading-wrapper container --> <\/div> <!-- .tm-element-heading-wrapper container --> <\/div><\/div>[vc_btn title=&#8221;Ver m\u00e1s noticias&#8221; style=&#8221;flat&#8221; align=&#8221;center&#8221; i_align=&#8221;right&#8221; i_icon_fontawesome=&#8221;&#8221; css_animation=&#8221;bottom-to-top&#8221; add_icon=&#8221;true&#8221; link=&#8221;url:%2Fblog-noticias-actualidad%2F&#8221;][\/vc_column][\/vc_row][vc_row full_width=&#8221;stretch_row&#8221; parallax=&#8221;content-moving&#8221; parallax_image=&#8221;10751&#8243; parallax_speed_bg=&#8221;4.5&#8243; disable_element=&#8221;yes&#8221; bgtype=&#8221;skin&#8221; css=&#8221;.vc_custom_1622741284965{padding-top: 90px !important;padding-bottom: 90px !important;}&#8221;][vc_column][vc_custom_heading text=&#8221;LUCHAMOS POR NUESTROS CLIENTES&#8221; font_container=&#8221;tag:h2|font_size:32px|text_align:center|line_height:32px&#8221; use_theme_fonts=&#8221;yes&#8221;][vc_empty_space height=&#8221;10px&#8221;][vc_custom_heading text=&#8221;Ll\u00e1menos al 660598243 para servicio de emergencia.&#8221; font_container=&#8221;tag:h3|font_size:30px|text_align:center|line_height:30px&#8221; google_fonts=&#8221;font_family:Lora%3Aregular%2Citalic%2C700%2C700italic|font_style:400%20italic%3A400%3Aitalic&#8221; link=&#8221;url:tel%3A660598243&#8243;][\/vc_column][\/vc_row][vc_row full_width=&#8221;stretch_row&#8221; bgtype=&#8221;skin&#8221; css=&#8221;.vc_custom_1459587758547{padding-top: 140px !important;background-image: url(https:\/\/www.abogadosvillarcayo.com\/wp-content\/uploads\/2014\/07\/rowbg-img1.jpg?id=10751) !important;background-position: center !important;background-repeat: no-repeat !important;background-size: cover !important;}&#8221;][vc_column][vc_icon type=&#8221;linecons&#8221; icon_linecons=&#8221;vc_li vc_li-study&#8221; color=&#8221;white&#8221; size=&#8221;xl&#8221; align=&#8221;center&#8221; css=&#8221;.vc_custom_1456301162208{padding-bottom: 10px !important;}&#8221;][vc_custom_heading text=&#8221;ayudaremos a defender tus intereses&#8221; font_container=&#8221;tag:h2|font_size:21px|text_align:center|line_height:25px&#8221; google_fonts=&#8221;font_family:Lora%3Aregular%2Citalic%2C700%2C700italic|font_style:400%20italic%3A400%3Aitalic&#8221;][vc_custom_heading text=&#8221;CONTACTA <strong>con nuestro Bufete de Abogados<\/strong>&#8221; font_container=&#8221;tag:h2|font_size:55px|text_align:center|line_height:60px&#8221; google_fonts=&#8221;font_family:Roboto%20Condensed%3A300%2C300italic%2Cregular%2Citalic%2C700%2C700italic|font_style:300%20light%20regular%3A300%3Anormal&#8221;][vc_btn title=&#8221;CONTACTO&#8221; style=&#8221;outline&#8221; color=&#8221;white&#8221; align=&#8221;center&#8221; css=&#8221;.vc_custom_1756106076198{padding-top: 20px !important;}&#8221; link=&#8221;url:https%3A%2F%2Fwww.abogadosvillarcayo.com%2F%3Fpage_id%3D382&#8243;][vc_row_inner][vc_column_inner width=&#8221;1\/4&#8243;]\n\t\t\t<div class=\"tm-fid inside tm-fid-icon-align-top tm-fid-with-icon\">\n\t\t\t\t<div class=\"tm-fid-icon-wrapper\"><i class=\"vc_li vc_li-heart\"><\/i><\/div>\n\t\t\t\t<div class=\"tm-fld-contents\">\n\t\t\t\t\t<h4 class=\"tm-fid-inner\">\n\t\t\t\t\t\t\n\t\t\t\t\t\t<span data-appear-animation=\"animateDigits\" data-from=\"0\" data-to=\"1300\" data-interval=\"5\" data-before=\"\" data-before-style=\"sup\" data-after=\"\" data-after-style=\"sub\">1300<\/span>\n\t\t\t\t\t\t\n\t\t\t\t\t<\/h4>\n\t\t\t\t\t<h3><span>CASOS RESUELTOS<br><\/span><\/h3>\n\t\t\t\t<\/div><!-- .tm-fld-contents -->\n\t\t\t\t\n\t\t\t<\/div>[\/vc_column_inner][vc_column_inner width=&#8221;1\/4&#8243;]\n\t\t\t<div class=\"tm-fid inside tm-fid-icon-align-top tm-fid-with-icon\">\n\t\t\t\t<div class=\"tm-fid-icon-wrapper\"><i class=\"vc_li vc_li-like\"><\/i><\/div>\n\t\t\t\t<div class=\"tm-fld-contents\">\n\t\t\t\t\t<h4 class=\"tm-fid-inner\">\n\t\t\t\t\t\t\n\t\t\t\t\t\t<span data-appear-animation=\"animateDigits\" data-from=\"0\" data-to=\"1250\" data-interval=\"5\" data-before=\"\" data-before-style=\"sup\" data-after=\"\" data-after-style=\"sub\">1250<\/span>\n\t\t\t\t\t\t\n\t\t\t\t\t<\/h4>\n\t\t\t\t\t<h3><span>CASOS \u00c9XITO<br><\/span><\/h3>\n\t\t\t\t<\/div><!-- .tm-fld-contents -->\n\t\t\t\t\n\t\t\t<\/div>[\/vc_column_inner][vc_column_inner width=&#8221;1\/4&#8243;]\n\t\t\t<div class=\"tm-fid inside tm-fid-icon-align-top tm-fid-with-icon\">\n\t\t\t\t<div class=\"tm-fid-icon-wrapper\"><i class=\"vc_li vc_li-bulb\"><\/i><\/div>\n\t\t\t\t<div class=\"tm-fld-contents\">\n\t\t\t\t\t<h4 class=\"tm-fid-inner\">\n\t\t\t\t\t\t\n\t\t\t\t\t\t<span data-appear-animation=\"animateDigits\" data-from=\"0\" data-to=\"1000\" data-interval=\"5\" data-before=\"\" data-before-style=\"sup\" data-after=\"\" data-after-style=\"sub\">1000<\/span>\n\t\t\t\t\t\t\n\t\t\t\t\t<\/h4>\n\t\t\t\t\t<h3><span>CLIENTES SATISFECHOS<br><\/span><\/h3>\n\t\t\t\t<\/div><!-- .tm-fld-contents -->\n\t\t\t\t\n\t\t\t<\/div>[\/vc_column_inner][vc_column_inner width=&#8221;1\/4&#8243;]\n\t\t\t<div class=\"tm-fid inside tm-fid-icon-align-top tm-fid-with-icon\">\n\t\t\t\t<div class=\"tm-fid-icon-wrapper\"><i class=\"vc_li vc_li-user\"><\/i><\/div>\n\t\t\t\t<div class=\"tm-fld-contents\">\n\t\t\t\t\t<h4 class=\"tm-fid-inner\">\n\t\t\t\t\t\t\n\t\t\t\t\t\t<span data-appear-animation=\"animateDigits\" data-from=\"0\" data-to=\"100\" data-interval=\"5\" data-before=\"\" data-before-style=\"sup\" data-after=\"\" data-after-style=\"sub\">100<\/span>\n\t\t\t\t\t\t\n\t\t\t\t\t<\/h4>\n\t\t\t\t\t<h3><span>CLIENTES RECUPERADOS<br><\/span><\/h3>\n\t\t\t\t<\/div><!-- .tm-fld-contents -->\n\t\t\t\t\n\t\t\t<\/div>[\/vc_column_inner][\/vc_row_inner][\/vc_column][\/vc_row]<\/p>\n","protected":false},"excerpt":{"rendered":"<p>[vc_row css=&#8221;.vc_custom_1457086178711{padding-top: 0px !important;padding-bottom: 80px !important;}&#8221;][vc_column width=&#8221;1\/2&#8243;][vc_empty_space height=&#8221;45px&#8221;][vc_custom_heading text=&#8221;Nuestro Despacho&#8221; use_theme_fonts=&#8221;yes&#8221;][vc_column_text]El despacho ejerce su actividad en la provincia de Burgos, Pa\u00eds Vasco y Cantabria. Nuestros pilares son la profesionalidad y formaci\u00f3n. El mundo del Derecho es muy cambiante y necesita una actualizaci\u00f3n constante. Es por ello por lo que ponemos especial cuidado en realizar los [&hellip;]<\/p>\n","protected":false},"author":1,"featured_media":0,"parent":0,"menu_order":6,"comment_status":"closed","ping_status":"closed","template":"","meta":{"footnotes":""},"class_list":["post-1490","page","type-page","status-publish","hentry"],"yoast_head":"<!-- This site is optimized with the Yoast SEO plugin v27.4 - https:\/\/yoast.com\/product\/yoast-seo-wordpress\/ -->\n<title>El Despacho - AbogadosVillarcayo<\/title>\n<meta name=\"robots\" content=\"index, follow, max-snippet:-1, max-image-preview:large, max-video-preview:-1\" \/>\n<link rel=\"canonical\" href=\"https:\/\/www.abogadosvillarcayo.com\/?page_id=1490\" \/>\n<meta property=\"og:locale\" content=\"es_ES\" \/>\n<meta property=\"og:type\" content=\"article\" \/>\n<meta property=\"og:title\" content=\"El Despacho - AbogadosVillarcayo\" \/>\n<meta property=\"og:description\" content=\"[vc_row css=&#8221;.vc_custom_1457086178711{padding-top: 0px !important;padding-bottom: 80px !important;}&#8221;][vc_column width=&#8221;1\/2&#8243;][vc_empty_space height=&#8221;45px&#8221;][vc_custom_heading text=&#8221;Nuestro Despacho&#8221; use_theme_fonts=&#8221;yes&#8221;][vc_column_text]El despacho ejerce su actividad en la provincia de Burgos, Pa\u00eds Vasco y Cantabria. Nuestros pilares son la profesionalidad y formaci\u00f3n. El mundo del Derecho es muy cambiante y necesita una actualizaci\u00f3n constante. Es por ello por lo que ponemos especial cuidado en realizar los [&hellip;]\" \/>\n<meta property=\"og:url\" content=\"https:\/\/www.abogadosvillarcayo.com\/?page_id=1490\" \/>\n<meta property=\"og:site_name\" content=\"AbogadosVillarcayo\" \/>\n<meta property=\"article:modified_time\" content=\"2025-08-25T07:15:05+00:00\" \/>\n<meta name=\"twitter:card\" content=\"summary_large_image\" \/>\n<meta name=\"twitter:label1\" content=\"Tiempo de lectura\" \/>\n\t<meta name=\"twitter:data1\" content=\"2 minutos\" \/>\n<script type=\"application\/ld+json\" class=\"yoast-schema-graph\">{\"@context\":\"https:\\\/\\\/schema.org\",\"@graph\":[{\"@type\":\"WebPage\",\"@id\":\"https:\\\/\\\/www.abogadosvillarcayo.com\\\/?page_id=1490\",\"url\":\"https:\\\/\\\/www.abogadosvillarcayo.com\\\/?page_id=1490\",\"name\":\"El Despacho - AbogadosVillarcayo\",\"isPartOf\":{\"@id\":\"https:\\\/\\\/www.abogadosvillarcayo.com\\\/#website\"},\"datePublished\":\"2014-11-06T05:51:21+00:00\",\"dateModified\":\"2025-08-25T07:15:05+00:00\",\"breadcrumb\":{\"@id\":\"https:\\\/\\\/www.abogadosvillarcayo.com\\\/?page_id=1490#breadcrumb\"},\"inLanguage\":\"es\",\"potentialAction\":[{\"@type\":\"ReadAction\",\"target\":[\"https:\\\/\\\/www.abogadosvillarcayo.com\\\/?page_id=1490\"]}]},{\"@type\":\"BreadcrumbList\",\"@id\":\"https:\\\/\\\/www.abogadosvillarcayo.com\\\/?page_id=1490#breadcrumb\",\"itemListElement\":[{\"@type\":\"ListItem\",\"position\":1,\"name\":\"Portada\",\"item\":\"https:\\\/\\\/www.abogadosvillarcayo.com\\\/\"},{\"@type\":\"ListItem\",\"position\":2,\"name\":\"El Despacho\"}]},{\"@type\":\"WebSite\",\"@id\":\"https:\\\/\\\/www.abogadosvillarcayo.com\\\/#website\",\"url\":\"https:\\\/\\\/www.abogadosvillarcayo.com\\\/\",\"name\":\"AbogadosVillarcayo\",\"description\":\"Burgos, Cantabria y Pa\u00eds Vasco.\",\"potentialAction\":[{\"@type\":\"SearchAction\",\"target\":{\"@type\":\"EntryPoint\",\"urlTemplate\":\"https:\\\/\\\/www.abogadosvillarcayo.com\\\/?s={search_term_string}\"},\"query-input\":{\"@type\":\"PropertyValueSpecification\",\"valueRequired\":true,\"valueName\":\"search_term_string\"}}],\"inLanguage\":\"es\"}]}<\/script>\n<!-- \/ Yoast SEO plugin. -->","yoast_head_json":{"title":"El Despacho - AbogadosVillarcayo","robots":{"index":"index","follow":"follow","max-snippet":"max-snippet:-1","max-image-preview":"max-image-preview:large","max-video-preview":"max-video-preview:-1"},"canonical":"https:\/\/www.abogadosvillarcayo.com\/?page_id=1490","og_locale":"es_ES","og_type":"article","og_title":"El Despacho - AbogadosVillarcayo","og_description":"[vc_row css=&#8221;.vc_custom_1457086178711{padding-top: 0px !important;padding-bottom: 80px !important;}&#8221;][vc_column width=&#8221;1\/2&#8243;][vc_empty_space height=&#8221;45px&#8221;][vc_custom_heading text=&#8221;Nuestro Despacho&#8221; use_theme_fonts=&#8221;yes&#8221;][vc_column_text]El despacho ejerce su actividad en la provincia de Burgos, Pa\u00eds Vasco y Cantabria. Nuestros pilares son la profesionalidad y formaci\u00f3n. El mundo del Derecho es muy cambiante y necesita una actualizaci\u00f3n constante. Es por ello por lo que ponemos especial cuidado en realizar los [&hellip;]","og_url":"https:\/\/www.abogadosvillarcayo.com\/?page_id=1490","og_site_name":"AbogadosVillarcayo","article_modified_time":"2025-08-25T07:15:05+00:00","twitter_card":"summary_large_image","twitter_misc":{"Tiempo de lectura":"2 minutos"},"schema":{"@context":"https:\/\/schema.org","@graph":[{"@type":"WebPage","@id":"https:\/\/www.abogadosvillarcayo.com\/?page_id=1490","url":"https:\/\/www.abogadosvillarcayo.com\/?page_id=1490","name":"El Despacho - AbogadosVillarcayo","isPartOf":{"@id":"https:\/\/www.abogadosvillarcayo.com\/#website"},"datePublished":"2014-11-06T05:51:21+00:00","dateModified":"2025-08-25T07:15:05+00:00","breadcrumb":{"@id":"https:\/\/www.abogadosvillarcayo.com\/?page_id=1490#breadcrumb"},"inLanguage":"es","potentialAction":[{"@type":"ReadAction","target":["https:\/\/www.abogadosvillarcayo.com\/?page_id=1490"]}]},{"@type":"BreadcrumbList","@id":"https:\/\/www.abogadosvillarcayo.com\/?page_id=1490#breadcrumb","itemListElement":[{"@type":"ListItem","position":1,"name":"Portada","item":"https:\/\/www.abogadosvillarcayo.com\/"},{"@type":"ListItem","position":2,"name":"El Despacho"}]},{"@type":"WebSite","@id":"https:\/\/www.abogadosvillarcayo.com\/#website","url":"https:\/\/www.abogadosvillarcayo.com\/","name":"AbogadosVillarcayo","description":"Burgos, Cantabria y Pa\u00eds Vasco.","potentialAction":[{"@type":"SearchAction","target":{"@type":"EntryPoint","urlTemplate":"https:\/\/www.abogadosvillarcayo.com\/?s={search_term_string}"},"query-input":{"@type":"PropertyValueSpecification","valueRequired":true,"valueName":"search_term_string"}}],"inLanguage":"es"}]}},"_links":{"self":[{"href":"https:\/\/www.abogadosvillarcayo.com\/index.php?rest_route=\/wp\/v2\/pages\/1490","targetHints":{"allow":["GET"]}}],"collection":[{"href":"https:\/\/www.abogadosvillarcayo.com\/index.php?rest_route=\/wp\/v2\/pages"}],"about":[{"href":"https:\/\/www.abogadosvillarcayo.com\/index.php?rest_route=\/wp\/v2\/types\/page"}],"author":[{"embeddable":true,"href":"https:\/\/www.abogadosvillarcayo.com\/index.php?rest_route=\/wp\/v2\/users\/1"}],"replies":[{"embeddable":true,"href":"https:\/\/www.abogadosvillarcayo.com\/index.php?rest_route=%2Fwp%2Fv2%2Fcomments&post=1490"}],"version-history":[{"count":31,"href":"https:\/\/www.abogadosvillarcayo.com\/index.php?rest_route=\/wp\/v2\/pages\/1490\/revisions"}],"predecessor-version":[{"id":11192,"href":"https:\/\/www.abogadosvillarcayo.com\/index.php?rest_route=\/wp\/v2\/pages\/1490\/revisions\/11192"}],"wp:attachment":[{"href":"https:\/\/www.abogadosvillarcayo.com\/index.php?rest_route=%2Fwp%2Fv2%2Fmedia&parent=1490"}],"curies":[{"name":"wp","href":"https:\/\/api.w.org\/{rel}","templated":true}]}}